{"id":10128,"date":"2025-06-16T20:05:59","date_gmt":"2025-06-16T23:05:59","guid":{"rendered":"https:\/\/elkaminante.com.uy\/paquetes\/circuito-turquia-clasica\/"},"modified":"2026-04-17T09:38:46","modified_gmt":"2026-04-17T12:38:46","slug":"circuito-turquia-clasica","status":"publish","type":"product","link":"https:\/\/elkaminante.com.uy\/en\/paquetes\/circuito-turquia-clasica\/","title":{"rendered":"Circuito Turqu\u00eda Clasica"},"content":{"rendered":"","protected":false},"excerpt":{"rendered":"<p><b>Turqu\u00eda<\/b> es rica en historia, arquitectura y belleza natural, el vasto y variado patrimonio cultural, que abarca miles de a\u00f1os, se refleja en su paisaje, su arquitectura, su cocina y la gran variedad de costumbres que existen en todo el pa\u00eds. Es un destino que espera ser descubierto con muchas atracciones culturales en ciudades como Estambul, Ankara e Izmir, entre otras. En Estambul, visitar El Gran Bazar, con sus m\u00e1s de 4.00 tiendas y la casi obligaci\u00f3n de regatear con los mercaderes en busca de gangas, es otra de las experiencias que ofrece la ciudad. Al igual que admirar las centenarias mezquitas que pueblan la ciudad, entre ellas la Azul o la de Solim\u00e1n, o realizar un crucero por el B\u00f3sforo observando sus puentes y los palacios y fortalezas que pueblan sus orillas. <i>Principales atractivos tur\u00edsticos:<\/i>Ankara, Capadocia, el valle de Goremo, el castillo Uchistar, las ciudades subterr\u00e1neas, Konya, Pamukkale y su Castillo de Algod\u00f3n, las ruinas de Hier\u00e1polis, \u00c9feso, Esmirna, el mar Egeo y las ruinas del Templo de Artemisa, entre otros.<\/p>\n","protected":false},"featured_media":10126,"template":"","meta":{"_acf_changed":false,"inline_featured_image":false},"product_brand":[],"product_cat":[28,1579],"product_tag":[2611,392,2616,2612,3382,64,2614,1687,2205,2610,1634,2534,62,2615,65,122,3933,2613,395,676,61,675,674,1424,681,397,677,63],"class_list":{"0":"post-10128","1":"product","2":"type-product","3":"status-publish","4":"has-post-thumbnail","6":"product_cat-paquetes","7":"product_cat-uruguay","8":"product_tag-ankara","9":"product_tag-asia","10":"product_tag-bursa","11":"product_tag-capadocia","12":"product_tag-circuito-turquia-clasica","13":"product_tag-desayuno","14":"product_tag-efeso","15":"product_tag-en-noviembre","16":"product_tag-en-turquia","17":"product_tag-estambul","18":"product_tag-exhotico","19":"product_tag-exotico","20":"product_tag-exoticos","21":"product_tag-kusadasi","22":"product_tag-no-aplica","23":"product_tag-noviembre","24":"product_tag-noviembre-2026","25":"product_tag-pamukkale","26":"product_tag-paquetes-a-asia","27":"product_tag-paquetes-a-turquia","28":"product_tag-sin-destino","29":"product_tag-turkiye","30":"product_tag-turquia","31":"product_tag-turquia-en-noviembre","32":"product_tag-turquia-en-turquia","33":"product_tag-viajes-a-asia","34":"product_tag-viajes-a-turquia","35":"product_tag-vuelo-y-circuito","36":"entry","37":"has-media","39":"first","40":"instock","41":"shipping-taxable","42":"purchasable","43":"product-type-simple"},"acf":[],"yoast_head":"<!-- This site is optimized with the Yoast SEO plugin v27.2 - https:\/\/yoast.com\/product\/yoast-seo-wordpress\/ -->\n<title>Circuito Turqu\u00eda Clasica - El Kaminante<\/title>\n<meta name=\"robots\" content=\"index, follow, max-snippet:-1, max-image-preview:large, max-video-preview:-1\" \/>\n<link rel=\"canonical\" href=\"https:\/\/elkaminante.com.uy\/paquetes\/circuito-turquia-clasica\/\" \/>\n<meta property=\"og:locale\" content=\"en_US\" \/>\n<meta property=\"og:type\" content=\"article\" \/>\n<meta property=\"og:title\" content=\"Circuito Turqu\u00eda Clasica - El Kaminante\" \/>\n<meta property=\"og:description\" content=\"Turqu\u00eda es rica en historia, arquitectura y belleza natural, el vasto y variado patrimonio cultural, que abarca miles de a\u00f1os, se refleja en su paisaje, su arquitectura, su cocina y la gran variedad de costumbres que existen en todo el pa\u00eds. Es un destino que espera ser descubierto con muchas atracciones culturales en ciudades como Estambul, Ankara e Izmir, entre otras. En Estambul, visitar El Gran Bazar, con sus m\u00e1s de 4.00 tiendas y la casi obligaci\u00f3n de regatear con los mercaderes en busca de gangas, es otra de las experiencias que ofrece la ciudad. Al igual que admirar las centenarias mezquitas que pueblan la ciudad, entre ellas la Azul o la de Solim\u00e1n, o realizar un crucero por el B\u00f3sforo observando sus puentes y los palacios y fortalezas que pueblan sus orillas. Principales atractivos tur\u00edsticos:Ankara, Capadocia, el valle de Goremo, el castillo Uchistar, las ciudades subterr\u00e1neas, Konya, Pamukkale y su Castillo de Algod\u00f3n, las ruinas de Hier\u00e1polis, \u00c9feso, Esmirna, el mar Egeo y las ruinas del Templo de Artemisa, entre otros.\" \/>\n<meta property=\"og:url\" content=\"https:\/\/elkaminante.com.uy\/paquetes\/circuito-turquia-clasica\/\" \/>\n<meta property=\"og:site_name\" content=\"El Kaminante\" \/>\n<meta property=\"article:modified_time\" content=\"2026-04-17T12:38:46+00:00\" \/>\n<meta name=\"twitter:card\" content=\"summary_large_image\" \/>\n<script type=\"application\/ld+json\" class=\"yoast-schema-graph\">{\"@context\":\"https:\/\/schema.org\",\"@graph\":[{\"@type\":\"WebPage\",\"@id\":\"https:\/\/elkaminante.com.uy\/paquetes\/circuito-turquia-clasica\/\",\"url\":\"https:\/\/elkaminante.com.uy\/paquetes\/circuito-turquia-clasica\/\",\"name\":\"Circuito Turqu\u00eda Clasica - El Kaminante\",\"isPartOf\":{\"@id\":\"https:\/\/elkaminante.com.uy\/#website\"},\"primaryImageOfPage\":{\"@id\":\"https:\/\/elkaminante.com.uy\/paquetes\/circuito-turquia-clasica\/#primaryimage\"},\"image\":{\"@id\":\"https:\/\/elkaminante.com.uy\/paquetes\/circuito-turquia-clasica\/#primaryimage\"},\"thumbnailUrl\":\"https:\/\/elkaminante.com.uy\/wp-content\/uploads\/2025\/06\/PAQ206.webp\",\"datePublished\":\"2025-06-16T23:05:59+00:00\",\"dateModified\":\"2026-04-17T12:38:46+00:00\",\"breadcrumb\":{\"@id\":\"https:\/\/elkaminante.com.uy\/paquetes\/circuito-turquia-clasica\/#breadcrumb\"},\"inLanguage\":\"en-US\",\"potentialAction\":[{\"@type\":\"ReadAction\",\"target\":[\"https:\/\/elkaminante.com.uy\/paquetes\/circuito-turquia-clasica\/\"]}]},{\"@type\":\"ImageObject\",\"inLanguage\":\"en-US\",\"@id\":\"https:\/\/elkaminante.com.uy\/paquetes\/circuito-turquia-clasica\/#primaryimage\",\"url\":\"https:\/\/elkaminante.com.uy\/wp-content\/uploads\/2025\/06\/PAQ206.webp\",\"contentUrl\":\"https:\/\/elkaminante.com.uy\/wp-content\/uploads\/2025\/06\/PAQ206.webp\",\"width\":800,\"height\":457},{\"@type\":\"BreadcrumbList\",\"@id\":\"https:\/\/elkaminante.com.uy\/paquetes\/circuito-turquia-clasica\/#breadcrumb\",\"itemListElement\":[{\"@type\":\"ListItem\",\"position\":1,\"name\":\"Inicio\",\"item\":\"https:\/\/elkaminante.com.uy\/en\/\"},{\"@type\":\"ListItem\",\"position\":2,\"name\":\"Viajes por el mundo\",\"item\":\"https:\/\/elkaminante.com.uy\/en\/paquetes\/\"},{\"@type\":\"ListItem\",\"position\":3,\"name\":\"Circuito Turqu\u00eda Clasica\"}]},{\"@type\":\"WebSite\",\"@id\":\"https:\/\/elkaminante.com.uy\/#website\",\"url\":\"https:\/\/elkaminante.com.uy\/\",\"name\":\"El Kaminante\",\"description\":\"Viajes &amp; Turismo\",\"publisher\":{\"@id\":\"https:\/\/elkaminante.com.uy\/#organization\"},\"potentialAction\":[{\"@type\":\"SearchAction\",\"target\":{\"@type\":\"EntryPoint\",\"urlTemplate\":\"https:\/\/elkaminante.com.uy\/?s={search_term_string}\"},\"query-input\":{\"@type\":\"PropertyValueSpecification\",\"valueRequired\":true,\"valueName\":\"search_term_string\"}}],\"inLanguage\":\"en-US\"},{\"@type\":\"Organization\",\"@id\":\"https:\/\/elkaminante.com.uy\/#organization\",\"name\":\"El Kaminante\",\"url\":\"https:\/\/elkaminante.com.uy\/\",\"logo\":{\"@type\":\"ImageObject\",\"inLanguage\":\"en-US\",\"@id\":\"https:\/\/elkaminante.com.uy\/#\/schema\/logo\/image\/\",\"url\":\"https:\/\/elkaminante.com.uy\/wp-content\/uploads\/2025\/02\/logo-elkaminante-blanco.svg\",\"contentUrl\":\"https:\/\/elkaminante.com.uy\/wp-content\/uploads\/2025\/02\/logo-elkaminante-blanco.svg\",\"caption\":\"El Kaminante\"},\"image\":{\"@id\":\"https:\/\/elkaminante.com.uy\/#\/schema\/logo\/image\/\"}}]}<\/script>\n<!-- \/ Yoast SEO plugin. -->","yoast_head_json":{"title":"Circuito Turqu\u00eda Clasica - El Kaminante","robots":{"index":"index","follow":"follow","max-snippet":"max-snippet:-1","max-image-preview":"max-image-preview:large","max-video-preview":"max-video-preview:-1"},"canonical":"https:\/\/elkaminante.com.uy\/paquetes\/circuito-turquia-clasica\/","og_locale":"en_US","og_type":"article","og_title":"Circuito Turqu\u00eda Clasica - El Kaminante","og_description":"Turqu\u00eda es rica en historia, arquitectura y belleza natural, el vasto y variado patrimonio cultural, que abarca miles de a\u00f1os, se refleja en su paisaje, su arquitectura, su cocina y la gran variedad de costumbres que existen en todo el pa\u00eds. Es un destino que espera ser descubierto con muchas atracciones culturales en ciudades como Estambul, Ankara e Izmir, entre otras. En Estambul, visitar El Gran Bazar, con sus m\u00e1s de 4.00 tiendas y la casi obligaci\u00f3n de regatear con los mercaderes en busca de gangas, es otra de las experiencias que ofrece la ciudad. Al igual que admirar las centenarias mezquitas que pueblan la ciudad, entre ellas la Azul o la de Solim\u00e1n, o realizar un crucero por el B\u00f3sforo observando sus puentes y los palacios y fortalezas que pueblan sus orillas. Principales atractivos tur\u00edsticos:Ankara, Capadocia, el valle de Goremo, el castillo Uchistar, las ciudades subterr\u00e1neas, Konya, Pamukkale y su Castillo de Algod\u00f3n, las ruinas de Hier\u00e1polis, \u00c9feso, Esmirna, el mar Egeo y las ruinas del Templo de Artemisa, entre otros.","og_url":"https:\/\/elkaminante.com.uy\/paquetes\/circuito-turquia-clasica\/","og_site_name":"El Kaminante","article_modified_time":"2026-04-17T12:38:46+00:00","twitter_card":"summary_large_image","schema":{"@context":"https:\/\/schema.org","@graph":[{"@type":"WebPage","@id":"https:\/\/elkaminante.com.uy\/paquetes\/circuito-turquia-clasica\/","url":"https:\/\/elkaminante.com.uy\/paquetes\/circuito-turquia-clasica\/","name":"Circuito Turqu\u00eda Clasica - El Kaminante","isPartOf":{"@id":"https:\/\/elkaminante.com.uy\/#website"},"primaryImageOfPage":{"@id":"https:\/\/elkaminante.com.uy\/paquetes\/circuito-turquia-clasica\/#primaryimage"},"image":{"@id":"https:\/\/elkaminante.com.uy\/paquetes\/circuito-turquia-clasica\/#primaryimage"},"thumbnailUrl":"https:\/\/elkaminante.com.uy\/wp-content\/uploads\/2025\/06\/PAQ206.webp","datePublished":"2025-06-16T23:05:59+00:00","dateModified":"2026-04-17T12:38:46+00:00","breadcrumb":{"@id":"https:\/\/elkaminante.com.uy\/paquetes\/circuito-turquia-clasica\/#breadcrumb"},"inLanguage":"en-US","potentialAction":[{"@type":"ReadAction","target":["https:\/\/elkaminante.com.uy\/paquetes\/circuito-turquia-clasica\/"]}]},{"@type":"ImageObject","inLanguage":"en-US","@id":"https:\/\/elkaminante.com.uy\/paquetes\/circuito-turquia-clasica\/#primaryimage","url":"https:\/\/elkaminante.com.uy\/wp-content\/uploads\/2025\/06\/PAQ206.webp","contentUrl":"https:\/\/elkaminante.com.uy\/wp-content\/uploads\/2025\/06\/PAQ206.webp","width":800,"height":457},{"@type":"BreadcrumbList","@id":"https:\/\/elkaminante.com.uy\/paquetes\/circuito-turquia-clasica\/#breadcrumb","itemListElement":[{"@type":"ListItem","position":1,"name":"Inicio","item":"https:\/\/elkaminante.com.uy\/en\/"},{"@type":"ListItem","position":2,"name":"Viajes por el mundo","item":"https:\/\/elkaminante.com.uy\/en\/paquetes\/"},{"@type":"ListItem","position":3,"name":"Circuito Turqu\u00eda Clasica"}]},{"@type":"WebSite","@id":"https:\/\/elkaminante.com.uy\/#website","url":"https:\/\/elkaminante.com.uy\/","name":"El Kaminante","description":"Viajes &amp; Turismo","publisher":{"@id":"https:\/\/elkaminante.com.uy\/#organization"},"potentialAction":[{"@type":"SearchAction","target":{"@type":"EntryPoint","urlTemplate":"https:\/\/elkaminante.com.uy\/?s={search_term_string}"},"query-input":{"@type":"PropertyValueSpecification","valueRequired":true,"valueName":"search_term_string"}}],"inLanguage":"en-US"},{"@type":"Organization","@id":"https:\/\/elkaminante.com.uy\/#organization","name":"El Kaminante","url":"https:\/\/elkaminante.com.uy\/","logo":{"@type":"ImageObject","inLanguage":"en-US","@id":"https:\/\/elkaminante.com.uy\/#\/schema\/logo\/image\/","url":"https:\/\/elkaminante.com.uy\/wp-content\/uploads\/2025\/02\/logo-elkaminante-blanco.svg","contentUrl":"https:\/\/elkaminante.com.uy\/wp-content\/uploads\/2025\/02\/logo-elkaminante-blanco.svg","caption":"El Kaminante"},"image":{"@id":"https:\/\/elkaminante.com.uy\/#\/schema\/logo\/image\/"}}]}},"_links":{"self":[{"href":"https:\/\/elkaminante.com.uy\/en\/wp-json\/wp\/v2\/product\/10128","targetHints":{"allow":["GET"]}}],"collection":[{"href":"https:\/\/elkaminante.com.uy\/en\/wp-json\/wp\/v2\/product"}],"about":[{"href":"https:\/\/elkaminante.com.uy\/en\/wp-json\/wp\/v2\/types\/product"}],"wp:featuredmedia":[{"embeddable":true,"href":"https:\/\/elkaminante.com.uy\/en\/wp-json\/wp\/v2\/media\/10126"}],"wp:attachment":[{"href":"https:\/\/elkaminante.com.uy\/en\/wp-json\/wp\/v2\/media?parent=10128"}],"wp:term":[{"taxonomy":"product_brand","embeddable":true,"href":"https:\/\/elkaminante.com.uy\/en\/wp-json\/wp\/v2\/product_brand?post=10128"},{"taxonomy":"product_cat","embeddable":true,"href":"https:\/\/elkaminante.com.uy\/en\/wp-json\/wp\/v2\/product_cat?post=10128"},{"taxonomy":"product_tag","embeddable":true,"href":"https:\/\/elkaminante.com.uy\/en\/wp-json\/wp\/v2\/product_tag?post=10128"}],"curies":[{"name":"wp","href":"https:\/\/api.w.org\/{rel}","templated":true}]}}