{"id":10026,"date":"2025-06-16T20:04:39","date_gmt":"2025-06-16T23:04:39","guid":{"rendered":"https:\/\/elkaminante.com.uy\/paquetes\/turquia-y-dubai\/"},"modified":"2026-04-17T09:38:42","modified_gmt":"2026-04-17T12:38:42","slug":"turquia-y-dubai","status":"publish","type":"product","link":"https:\/\/elkaminante.com.uy\/en\/paquetes\/turquia-y-dubai\/","title":{"rendered":"Turqu\u00eda y Dubai"},"content":{"rendered":"","protected":false},"excerpt":{"rendered":"<p><b>Dub\u00e1i<\/b> y el turismo en el desierto, en un lugar donde el lujo espectacular ha ido desarroll\u00e1ndose y creando un panorama incre\u00edble. En los \u00faltimos a\u00f1os, este emirato \u00e1rabe se ha convertido en uno de los destinos tur\u00edsticos m\u00e1s importante del mundo. Ambiciosos proyectos que destilan un lujo incre\u00edble se construyen cada d\u00eda sobre la arena del desierto o sobre las aguas del \u00cdndico. <i>Principales atractivos tur\u00edsticos:<\/i>Burj el Arab, el hotel m\u00e1s lujoso del mundo, el Dub\u00e1i Mall, el Zoco de las Especias, la mezquita de Jumeirah, las monta\u00f1as del Hajar, las termas de Masafi, Abu Dhabi y la isla artificial de Lul\u00fa, entre otros.<\/p>\n<p><b>Turqu\u00eda<\/b> es rica en historia, arquitectura y belleza natural, el vasto y variado patrimonio cultural, que abarca miles de a\u00f1os, se refleja en su paisaje, su arquitectura, su cocina y la gran variedad de costumbres que existen en todo el pa\u00eds. Es un destino que espera ser descubierto con muchas atracciones culturales en ciudades como Estambul, Ankara e Izmir, entre otras. En Estambul, visitar El Gran Bazar, con sus m\u00e1s de 4.00 tiendas y la casi obligaci\u00f3n de regatear con los mercaderes en busca de gangas, es otra de las experiencias que ofrece la ciudad. Al igual que admirar las centenarias mezquitas que pueblan la ciudad, entre ellas la Azul o la de Solim\u00e1n, o realizar un crucero por el B\u00f3sforo observando sus puentes y los palacios y fortalezas que pueblan sus orillas. <i>Principales atractivos tur\u00edsticos:<\/i>Ankara, Capadocia, el valle de Goremo, el castillo Uchistar, las ciudades subterr\u00e1neas, Konya, Pamukkale y su Castillo de Algod\u00f3n, las ruinas de Hier\u00e1polis, \u00c9feso, Esmirna, el mar Egeo y las ruinas del Templo de Artemisa, entre otros.<\/p>\n","protected":false},"featured_media":10024,"template":"","meta":{"_acf_changed":false,"inline_featured_image":false},"product_brand":[],"product_cat":[28,1579],"product_tag":[562,2611,600,392,2616,2612,64,598,2614,599,607,3758,2190,2191,1610,2610,1634,2534,62,879,3734,3759,2615,424,65,2613,395,603,601,676,61,675,674,2617,397,604,602,677,63],"class_list":{"0":"post-10026","1":"product","2":"type-product","3":"status-publish","4":"has-post-thumbnail","6":"product_cat-paquetes","7":"product_cat-uruguay","8":"product_tag-agosto","9":"product_tag-ankara","10":"product_tag-arabia","11":"product_tag-asia","12":"product_tag-bursa","13":"product_tag-capadocia","14":"product_tag-desayuno","15":"product_tag-dubai","16":"product_tag-efeso","17":"product_tag-emiratos-arabes-unidos","18":"product_tag-emiratos-arabes-unidos-en-dubai","19":"product_tag-emiratos-arabes-unidos-en-julio","20":"product_tag-en-dubai","21":"product_tag-en-emiratos-arabes-unidos","22":"product_tag-en-julio","23":"product_tag-estambul","24":"product_tag-exhotico","25":"product_tag-exotico","26":"product_tag-exoticos","27":"product_tag-julio","28":"product_tag-julio-agosto-2026","29":"product_tag-konya","30":"product_tag-kusadasi","31":"product_tag-media-pension","32":"product_tag-no-aplica","33":"product_tag-pamukkale","34":"product_tag-paquetes-a-asia","35":"product_tag-paquetes-a-dubai","36":"product_tag-paquetes-a-emiratos-arabes-unidos","37":"product_tag-paquetes-a-turquia","38":"product_tag-sin-destino","39":"product_tag-turkiye","40":"product_tag-turquia","41":"product_tag-turquia-y-dubai","42":"product_tag-viajes-a-asia","43":"product_tag-viajes-a-dubai","44":"product_tag-viajes-a-emiratos-arabes-unidos","45":"product_tag-viajes-a-turquia","46":"product_tag-vuelo-y-circuito","47":"entry","48":"has-media","50":"first","51":"instock","52":"shipping-taxable","53":"purchasable","54":"product-type-simple"},"acf":[],"yoast_head":"<!-- This site is optimized with the Yoast SEO plugin v27.2 - https:\/\/yoast.com\/product\/yoast-seo-wordpress\/ -->\n<title>Turqu\u00eda y Dubai - El Kaminante<\/title>\n<meta name=\"robots\" content=\"index, follow, max-snippet:-1, max-image-preview:large, max-video-preview:-1\" \/>\n<link rel=\"canonical\" href=\"https:\/\/elkaminante.com.uy\/paquetes\/turquia-y-dubai\/\" \/>\n<meta property=\"og:locale\" content=\"en_US\" \/>\n<meta property=\"og:type\" content=\"article\" \/>\n<meta property=\"og:title\" content=\"Turqu\u00eda y Dubai - El Kaminante\" \/>\n<meta property=\"og:description\" content=\"Dub\u00e1i y el turismo en el desierto, en un lugar donde el lujo espectacular ha ido desarroll\u00e1ndose y creando un panorama incre\u00edble. En los \u00faltimos a\u00f1os, este emirato \u00e1rabe se ha convertido en uno de los destinos tur\u00edsticos m\u00e1s importante del mundo. Ambiciosos proyectos que destilan un lujo incre\u00edble se construyen cada d\u00eda sobre la arena del desierto o sobre las aguas del \u00cdndico. Principales atractivos tur\u00edsticos:Burj el Arab, el hotel m\u00e1s lujoso del mundo, el Dub\u00e1i Mall, el Zoco de las Especias, la mezquita de Jumeirah, las monta\u00f1as del Hajar, las termas de Masafi, Abu Dhabi y la isla artificial de Lul\u00fa, entre otros.Turqu\u00eda es rica en historia, arquitectura y belleza natural, el vasto y variado patrimonio cultural, que abarca miles de a\u00f1os, se refleja en su paisaje, su arquitectura, su cocina y la gran variedad de costumbres que existen en todo el pa\u00eds. Es un destino que espera ser descubierto con muchas atracciones culturales en ciudades como Estambul, Ankara e Izmir, entre otras. En Estambul, visitar El Gran Bazar, con sus m\u00e1s de 4.00 tiendas y la casi obligaci\u00f3n de regatear con los mercaderes en busca de gangas, es otra de las experiencias que ofrece la ciudad. Al igual que admirar las centenarias mezquitas que pueblan la ciudad, entre ellas la Azul o la de Solim\u00e1n, o realizar un crucero por el B\u00f3sforo observando sus puentes y los palacios y fortalezas que pueblan sus orillas. Principales atractivos tur\u00edsticos:Ankara, Capadocia, el valle de Goremo, el castillo Uchistar, las ciudades subterr\u00e1neas, Konya, Pamukkale y su Castillo de Algod\u00f3n, las ruinas de Hier\u00e1polis, \u00c9feso, Esmirna, el mar Egeo y las ruinas del Templo de Artemisa, entre otros.\" \/>\n<meta property=\"og:url\" content=\"https:\/\/elkaminante.com.uy\/paquetes\/turquia-y-dubai\/\" \/>\n<meta property=\"og:site_name\" content=\"El Kaminante\" \/>\n<meta property=\"article:modified_time\" content=\"2026-04-17T12:38:42+00:00\" \/>\n<meta name=\"twitter:card\" content=\"summary_large_image\" \/>\n<script type=\"application\/ld+json\" class=\"yoast-schema-graph\">{\"@context\":\"https:\/\/schema.org\",\"@graph\":[{\"@type\":\"WebPage\",\"@id\":\"https:\/\/elkaminante.com.uy\/paquetes\/turquia-y-dubai\/\",\"url\":\"https:\/\/elkaminante.com.uy\/paquetes\/turquia-y-dubai\/\",\"name\":\"Turqu\u00eda y Dubai - El Kaminante\",\"isPartOf\":{\"@id\":\"https:\/\/elkaminante.com.uy\/#website\"},\"primaryImageOfPage\":{\"@id\":\"https:\/\/elkaminante.com.uy\/paquetes\/turquia-y-dubai\/#primaryimage\"},\"image\":{\"@id\":\"https:\/\/elkaminante.com.uy\/paquetes\/turquia-y-dubai\/#primaryimage\"},\"thumbnailUrl\":\"https:\/\/elkaminante.com.uy\/wp-content\/uploads\/2025\/06\/PAQ181.webp\",\"datePublished\":\"2025-06-16T23:04:39+00:00\",\"dateModified\":\"2026-04-17T12:38:42+00:00\",\"breadcrumb\":{\"@id\":\"https:\/\/elkaminante.com.uy\/paquetes\/turquia-y-dubai\/#breadcrumb\"},\"inLanguage\":\"en-US\",\"potentialAction\":[{\"@type\":\"ReadAction\",\"target\":[\"https:\/\/elkaminante.com.uy\/paquetes\/turquia-y-dubai\/\"]}]},{\"@type\":\"ImageObject\",\"inLanguage\":\"en-US\",\"@id\":\"https:\/\/elkaminante.com.uy\/paquetes\/turquia-y-dubai\/#primaryimage\",\"url\":\"https:\/\/elkaminante.com.uy\/wp-content\/uploads\/2025\/06\/PAQ181.webp\",\"contentUrl\":\"https:\/\/elkaminante.com.uy\/wp-content\/uploads\/2025\/06\/PAQ181.webp\",\"width\":800,\"height\":457},{\"@type\":\"BreadcrumbList\",\"@id\":\"https:\/\/elkaminante.com.uy\/paquetes\/turquia-y-dubai\/#breadcrumb\",\"itemListElement\":[{\"@type\":\"ListItem\",\"position\":1,\"name\":\"Inicio\",\"item\":\"https:\/\/elkaminante.com.uy\/en\/\"},{\"@type\":\"ListItem\",\"position\":2,\"name\":\"Viajes por el mundo\",\"item\":\"https:\/\/elkaminante.com.uy\/en\/paquetes\/\"},{\"@type\":\"ListItem\",\"position\":3,\"name\":\"Turqu\u00eda y Dubai\"}]},{\"@type\":\"WebSite\",\"@id\":\"https:\/\/elkaminante.com.uy\/#website\",\"url\":\"https:\/\/elkaminante.com.uy\/\",\"name\":\"El Kaminante\",\"description\":\"Viajes &amp; Turismo\",\"publisher\":{\"@id\":\"https:\/\/elkaminante.com.uy\/#organization\"},\"potentialAction\":[{\"@type\":\"SearchAction\",\"target\":{\"@type\":\"EntryPoint\",\"urlTemplate\":\"https:\/\/elkaminante.com.uy\/?s={search_term_string}\"},\"query-input\":{\"@type\":\"PropertyValueSpecification\",\"valueRequired\":true,\"valueName\":\"search_term_string\"}}],\"inLanguage\":\"en-US\"},{\"@type\":\"Organization\",\"@id\":\"https:\/\/elkaminante.com.uy\/#organization\",\"name\":\"El Kaminante\",\"url\":\"https:\/\/elkaminante.com.uy\/\",\"logo\":{\"@type\":\"ImageObject\",\"inLanguage\":\"en-US\",\"@id\":\"https:\/\/elkaminante.com.uy\/#\/schema\/logo\/image\/\",\"url\":\"https:\/\/elkaminante.com.uy\/wp-content\/uploads\/2025\/02\/logo-elkaminante-blanco.svg\",\"contentUrl\":\"https:\/\/elkaminante.com.uy\/wp-content\/uploads\/2025\/02\/logo-elkaminante-blanco.svg\",\"caption\":\"El Kaminante\"},\"image\":{\"@id\":\"https:\/\/elkaminante.com.uy\/#\/schema\/logo\/image\/\"}}]}<\/script>\n<!-- \/ Yoast SEO plugin. -->","yoast_head_json":{"title":"Turqu\u00eda y Dubai - El Kaminante","robots":{"index":"index","follow":"follow","max-snippet":"max-snippet:-1","max-image-preview":"max-image-preview:large","max-video-preview":"max-video-preview:-1"},"canonical":"https:\/\/elkaminante.com.uy\/paquetes\/turquia-y-dubai\/","og_locale":"en_US","og_type":"article","og_title":"Turqu\u00eda y Dubai - El Kaminante","og_description":"Dub\u00e1i y el turismo en el desierto, en un lugar donde el lujo espectacular ha ido desarroll\u00e1ndose y creando un panorama incre\u00edble. En los \u00faltimos a\u00f1os, este emirato \u00e1rabe se ha convertido en uno de los destinos tur\u00edsticos m\u00e1s importante del mundo. Ambiciosos proyectos que destilan un lujo incre\u00edble se construyen cada d\u00eda sobre la arena del desierto o sobre las aguas del \u00cdndico. Principales atractivos tur\u00edsticos:Burj el Arab, el hotel m\u00e1s lujoso del mundo, el Dub\u00e1i Mall, el Zoco de las Especias, la mezquita de Jumeirah, las monta\u00f1as del Hajar, las termas de Masafi, Abu Dhabi y la isla artificial de Lul\u00fa, entre otros.Turqu\u00eda es rica en historia, arquitectura y belleza natural, el vasto y variado patrimonio cultural, que abarca miles de a\u00f1os, se refleja en su paisaje, su arquitectura, su cocina y la gran variedad de costumbres que existen en todo el pa\u00eds. Es un destino que espera ser descubierto con muchas atracciones culturales en ciudades como Estambul, Ankara e Izmir, entre otras. En Estambul, visitar El Gran Bazar, con sus m\u00e1s de 4.00 tiendas y la casi obligaci\u00f3n de regatear con los mercaderes en busca de gangas, es otra de las experiencias que ofrece la ciudad. Al igual que admirar las centenarias mezquitas que pueblan la ciudad, entre ellas la Azul o la de Solim\u00e1n, o realizar un crucero por el B\u00f3sforo observando sus puentes y los palacios y fortalezas que pueblan sus orillas. Principales atractivos tur\u00edsticos:Ankara, Capadocia, el valle de Goremo, el castillo Uchistar, las ciudades subterr\u00e1neas, Konya, Pamukkale y su Castillo de Algod\u00f3n, las ruinas de Hier\u00e1polis, \u00c9feso, Esmirna, el mar Egeo y las ruinas del Templo de Artemisa, entre otros.","og_url":"https:\/\/elkaminante.com.uy\/paquetes\/turquia-y-dubai\/","og_site_name":"El Kaminante","article_modified_time":"2026-04-17T12:38:42+00:00","twitter_card":"summary_large_image","schema":{"@context":"https:\/\/schema.org","@graph":[{"@type":"WebPage","@id":"https:\/\/elkaminante.com.uy\/paquetes\/turquia-y-dubai\/","url":"https:\/\/elkaminante.com.uy\/paquetes\/turquia-y-dubai\/","name":"Turqu\u00eda y Dubai - El Kaminante","isPartOf":{"@id":"https:\/\/elkaminante.com.uy\/#website"},"primaryImageOfPage":{"@id":"https:\/\/elkaminante.com.uy\/paquetes\/turquia-y-dubai\/#primaryimage"},"image":{"@id":"https:\/\/elkaminante.com.uy\/paquetes\/turquia-y-dubai\/#primaryimage"},"thumbnailUrl":"https:\/\/elkaminante.com.uy\/wp-content\/uploads\/2025\/06\/PAQ181.webp","datePublished":"2025-06-16T23:04:39+00:00","dateModified":"2026-04-17T12:38:42+00:00","breadcrumb":{"@id":"https:\/\/elkaminante.com.uy\/paquetes\/turquia-y-dubai\/#breadcrumb"},"inLanguage":"en-US","potentialAction":[{"@type":"ReadAction","target":["https:\/\/elkaminante.com.uy\/paquetes\/turquia-y-dubai\/"]}]},{"@type":"ImageObject","inLanguage":"en-US","@id":"https:\/\/elkaminante.com.uy\/paquetes\/turquia-y-dubai\/#primaryimage","url":"https:\/\/elkaminante.com.uy\/wp-content\/uploads\/2025\/06\/PAQ181.webp","contentUrl":"https:\/\/elkaminante.com.uy\/wp-content\/uploads\/2025\/06\/PAQ181.webp","width":800,"height":457},{"@type":"BreadcrumbList","@id":"https:\/\/elkaminante.com.uy\/paquetes\/turquia-y-dubai\/#breadcrumb","itemListElement":[{"@type":"ListItem","position":1,"name":"Inicio","item":"https:\/\/elkaminante.com.uy\/en\/"},{"@type":"ListItem","position":2,"name":"Viajes por el mundo","item":"https:\/\/elkaminante.com.uy\/en\/paquetes\/"},{"@type":"ListItem","position":3,"name":"Turqu\u00eda y Dubai"}]},{"@type":"WebSite","@id":"https:\/\/elkaminante.com.uy\/#website","url":"https:\/\/elkaminante.com.uy\/","name":"El Kaminante","description":"Viajes &amp; Turismo","publisher":{"@id":"https:\/\/elkaminante.com.uy\/#organization"},"potentialAction":[{"@type":"SearchAction","target":{"@type":"EntryPoint","urlTemplate":"https:\/\/elkaminante.com.uy\/?s={search_term_string}"},"query-input":{"@type":"PropertyValueSpecification","valueRequired":true,"valueName":"search_term_string"}}],"inLanguage":"en-US"},{"@type":"Organization","@id":"https:\/\/elkaminante.com.uy\/#organization","name":"El Kaminante","url":"https:\/\/elkaminante.com.uy\/","logo":{"@type":"ImageObject","inLanguage":"en-US","@id":"https:\/\/elkaminante.com.uy\/#\/schema\/logo\/image\/","url":"https:\/\/elkaminante.com.uy\/wp-content\/uploads\/2025\/02\/logo-elkaminante-blanco.svg","contentUrl":"https:\/\/elkaminante.com.uy\/wp-content\/uploads\/2025\/02\/logo-elkaminante-blanco.svg","caption":"El Kaminante"},"image":{"@id":"https:\/\/elkaminante.com.uy\/#\/schema\/logo\/image\/"}}]}},"_links":{"self":[{"href":"https:\/\/elkaminante.com.uy\/en\/wp-json\/wp\/v2\/product\/10026","targetHints":{"allow":["GET"]}}],"collection":[{"href":"https:\/\/elkaminante.com.uy\/en\/wp-json\/wp\/v2\/product"}],"about":[{"href":"https:\/\/elkaminante.com.uy\/en\/wp-json\/wp\/v2\/types\/product"}],"wp:featuredmedia":[{"embeddable":true,"href":"https:\/\/elkaminante.com.uy\/en\/wp-json\/wp\/v2\/media\/10024"}],"wp:attachment":[{"href":"https:\/\/elkaminante.com.uy\/en\/wp-json\/wp\/v2\/media?parent=10026"}],"wp:term":[{"taxonomy":"product_brand","embeddable":true,"href":"https:\/\/elkaminante.com.uy\/en\/wp-json\/wp\/v2\/product_brand?post=10026"},{"taxonomy":"product_cat","embeddable":true,"href":"https:\/\/elkaminante.com.uy\/en\/wp-json\/wp\/v2\/product_cat?post=10026"},{"taxonomy":"product_tag","embeddable":true,"href":"https:\/\/elkaminante.com.uy\/en\/wp-json\/wp\/v2\/product_tag?post=10026"}],"curies":[{"name":"wp","href":"https:\/\/api.w.org\/{rel}","templated":true}]}}